{"id":2078,"date":"2026-01-26T05:37:06","date_gmt":"2026-01-26T05:37:06","guid":{"rendered":"https:\/\/www.materialstests.com\/?page_id=2078"},"modified":"2026-01-26T13:22:09","modified_gmt":"2026-01-26T13:22:09","slug":"contact-us","status":"publish","type":"page","link":"https:\/\/www.materialstests.com\/cs\/contact-us.html","title":{"rendered":"Kontaktujte n\u00e1s"},"content":{"rendered":"<div data-elementor-type=\"wp-page\" data-elementor-id=\"2078\" class=\"elementor elementor-2078\" data-elementor-post-type=\"page\">\n\t\t\t\t<div class=\"elementor-element elementor-element-857c6e4 e-flex e-con-boxed e-con e-parent\" data-id=\"857c6e4\" data-element_type=\"container\" data-settings=\"{&quot;background_background&quot;:&quot;classic&quot;}\">\n\t\t\t\t\t<div class=\"e-con-inner\">\n\t\t\t\t<div class=\"elementor-element elementor-element-18c6c37 elementor-widget elementor-widget-heading\" data-id=\"18c6c37\" data-element_type=\"widget\" data-widget_type=\"heading.default\">\n\t\t\t\t\t<div class=\"elementor-heading-title elementor-size-default\"><nav aria-label=\"strouhanka\" class=\"rank-math-breadcrumb\"><p><a href=\"https:\/\/www.materialstests.com\/cs\/\">Home<\/a><span class=\"separator\"> \u00bb <\/span><span class=\"last\">Home<\/span><\/p><\/nav>\u200b<\/div>\t\t\t\t<\/div>\n\t\t\t\t\t<\/div>\n\t\t\t\t<\/div>\n\t\t<div class=\"elementor-element elementor-element-a267ca2 e-flex e-con-boxed e-con e-parent\" data-id=\"a267ca2\" data-element_type=\"container\">\n\t\t\t\t\t<div class=\"e-con-inner\">\n\t\t\t\t<div class=\"elementor-element elementor-element-cae2fd3 elementor-widget elementor-widget-text-editor\" data-id=\"cae2fd3\" data-element_type=\"widget\" data-widget_type=\"text-editor.default\">\n\t\t\t\t\t\t\t\t\t<p><strong>Cell Instruments Co., Ltd.<\/strong><\/p><p><strong>Telefon<\/strong>: +86 531 88977152<\/p><p><strong>Mobiln\u00ed telefon<\/strong>: +86 18560013985<\/p><p><strong>Mail<\/strong>: trade@celtec.cn<\/p><p><strong>WhatsApp<\/strong>: +86 18560013985<\/p><p><strong>WeChat<\/strong>: +86 18560013985<\/p><p><strong>Adresa<\/strong>: \u010d. 5577 Gongyebei Rd, Licheng District, Jinan, 250109, Shandong, \u010c\u00edna<\/p><p>Pokud m\u00e1te z\u00e1jem o dal\u0161\u00ed informace o tomto produktu, nev\u00e1hejte n\u00e1s kontaktovat. Doporu\u010dujeme v\u00e1m dal\u0161\u00ed obl\u00edben\u00e9 produkty:\u00a0 <a class=\"aahaf6o\" title=\"Tester tlou\u0161\u0165ky pap\u00edru a lepenky\" href=\"https:\/\/www.materialstests.com\/cs\/paper-board-tester.html\/\">Tester tlou\u0161\u0165ky pap\u00edru a lepenky<\/a>,\u00a0<a class=\"aahaf6o\" title=\"Testov\u00e1n\u00ed p\u0159ilnavosti\" href=\"https:\/\/www.materialstests.com\/cs\/adhesiveness-tester.html\/\">Testov\u00e1n\u00ed p\u0159ilnavosti<\/a>,\u00a0<a class=\"aahaf6o\" title=\"Tester tepeln\u00e9ho sp\u00e1du\" href=\"https:\/\/www.materialstests.com\/cs\/products\/ghs-01-gradient-heat-seal-tester.html\/\">Tester tepeln\u00e9ho sp\u00e1du<\/a>,\u00a0<a class=\"aahaf6o\" title=\"tester smr\u0161\u0165ovac\u00ed f\u00f3lie\" href=\"https:\/\/www.materialstests.com\/cs\/shrink-tester.html\/\">tester smr\u0161\u0165ovac\u00ed f\u00f3lie<\/a>,\u00a0<a class=\"aahaf6o\" title=\"Tester odolnosti Flex\" href=\"https:\/\/www.materialstests.com\/cs\/flex-durability-tester.html\/\">Tester odolnosti Flex<\/a>,\u00a0<a class=\"aahaf6o\" title=\"Tester gradientn\u00edho tepeln\u00e9ho t\u011bsn\u011bn\u00ed\" href=\"https:\/\/www.materialstests.com\/cs\/gradient-heat-seal-tester.html\/\">Tester gradientn\u00edho tepeln\u00e9ho t\u011bsn\u011bn\u00ed<\/a>,\u00a0<a class=\"aahaf6o\" title=\"Tester odlupov\u00e1n\u00ed\" href=\"https:\/\/www.materialstests.com\/cs\/products\/spc-01-stretch-film-peeling-cling-tester.html\/\">Tester odlupov\u00e1n\u00ed<\/a>,\u00a0<a class=\"aahaf6o\" title=\"Tester p\u0159\u00eddr\u017en\u00e9ho v\u00fdkonu\" href=\"https:\/\/www.materialstests.com\/cs\/holding-power-tester.html\/\">Tester p\u0159\u00eddr\u017en\u00e9ho v\u00fdkonu<\/a>,\u00a0<a class=\"aahaf6o\" title=\"\u010d\u00ednsk\u00fd tester tepeln\u00e9ho t\u011bsn\u011bn\u00ed\" href=\"https:\/\/www.materialstests.com\/cs\/productstags\/china-heat-sealing-tester-factory.html\/\">\u010d\u00ednsk\u00fd tester tepeln\u00e9ho t\u011bsn\u011bn\u00ed<\/a>,\u00a0<a class=\"aahaf6o\" title=\"Slu\u017eby testeru karbonizace\" href=\"https:\/\/www.materialstests.com\/cs\/products\/clrt-01-carbon-dioxide-volume-tester.html\/\">Slu\u017eby testeru karbonizace<\/a>,\u00a0<a class=\"aahaf6o\" title=\"Slu\u017eby smr\u0161\u0165ovac\u00edch tester\u016f\" href=\"https:\/\/www.materialstests.com\/cs\/shrink-tester.html\/\">Slu\u017eby smr\u0161\u0165ovac\u00edch tester\u016f<\/a>,\u00a0<a class=\"aahaf6o\" title=\"Tester odolnosti Flex \u010c\u00edna\" href=\"https:\/\/www.materialstests.com\/cs\/products\/gft-01-flex-durability-tester.html\/\">Tester odolnosti Flex \u010c\u00edna<\/a>,\u00a0<a class=\"aahaf6o\" title=\"Slu\u017eby Flex Durability Tester\" href=\"https:\/\/www.materialstests.com\/cs\/products\/gft-01-flex-durability-tester.html\/\">Slu\u017eby Flex Durability Tester<\/a>,\u00a0<a class=\"aahaf6o\" title=\"Tester smr\u0161\u0165ov\u00e1n\u00ed bez f\u00f3lie \u010c\u00edna\" href=\"https:\/\/www.materialstests.com\/cs\/shrink-tester.html\/\">Tester smr\u0161\u0165ov\u00e1n\u00ed bez f\u00f3lie \u010c\u00edna<\/a>,\u00a0<a class=\"aahaf6o\" title=\"Gradientn\u00ed tepeln\u00fd t\u011bsnic\u00ed tester \u010c\u00edna\" href=\"https:\/\/www.materialstests.com\/cs\/gradient-heat-seal-tester.html\/\">Gradientn\u00ed tepeln\u00fd t\u011bsnic\u00ed tester \u010c\u00edna<\/a>,\u00a0<a class=\"aahaf6o\" title=\"Slu\u017eby gradientn\u00edho tepeln\u00e9ho t\u011bsn\u011bn\u00ed\" href=\"https:\/\/www.materialstests.com\/cs\/gradient-heat-seal-tester.html\/\">Slu\u017eby gradientn\u00edho tepeln\u00e9ho t\u011bsn\u011bn\u00ed<\/a>,\u00a0<a class=\"aahaf6o\" title=\"Tester odlupov\u00e1n\u00ed slupek \u010c\u00edna\" href=\"https:\/\/www.materialstests.com\/cs\/peeling-cling-tester.html\/\">Tester odlupov\u00e1n\u00ed slupek \u010c\u00edna<\/a>,\u00a0<a class=\"aahaf6o\" title=\"Slu\u017eby testeru odlupov\u00e1n\u00ed\" href=\"https:\/\/www.materialstests.com\/cs\/products\/spc-01-stretch-film-peeling-cling-tester.html\/\">Slu\u017eby testeru odlupov\u00e1n\u00ed<\/a>,\u00a0<a class=\"aahaf6o\" title=\"tester odlupov\u00e1n\u00ed n\u00e1dob\" href=\"https:\/\/www.materialstests.com\/cs\/productstags\/container-peeling-tester.html\/\">tester odlupov\u00e1n\u00ed n\u00e1dob<\/a>,\u00a0<a class=\"aahaf6o\" title=\"Tester kontejner\u016f\" href=\"https:\/\/www.materialstests.com\/cs\/container-tester.html\/\">Tester kontejner\u016f<\/a><\/p>\t\t\t\t\t\t\t\t<\/div>\n\t\t\t\t\t<\/div>\n\t\t\t\t<\/div>\n\t\t\t\t<\/div>","protected":false},"excerpt":{"rendered":"<p>\u200b Cell Instruments Co., Ltd. Telephone: +86 531 88977152 Cell phone: +86 18560013985 Mail: trade@celtec.cn WhatsApp: +86 18560013985 WeChat: +86 18560013985 Address: No. 5577 Gongyebei Rd, Licheng District, Jinan, 250109, Shandong, China If you would like more information about this product, please feel free to contact us. Recommend other popular products for you:\u00a0 Paper and [&hellip;]<\/p>","protected":false},"author":1,"featured_media":0,"parent":0,"menu_order":0,"comment_status":"closed","ping_status":"closed","template":"","meta":{"_acf_changed":false,"footnotes":""},"class_list":["post-2078","page","type-page","status-publish","hentry"],"acf":[],"_links":{"self":[{"href":"https:\/\/www.materialstests.com\/cs\/wp-json\/wp\/v2\/pages\/2078","targetHints":{"allow":["GET"]}}],"collection":[{"href":"https:\/\/www.materialstests.com\/cs\/wp-json\/wp\/v2\/pages"}],"about":[{"href":"https:\/\/www.materialstests.com\/cs\/wp-json\/wp\/v2\/types\/page"}],"author":[{"embeddable":true,"href":"https:\/\/www.materialstests.com\/cs\/wp-json\/wp\/v2\/users\/1"}],"replies":[{"embeddable":true,"href":"https:\/\/www.materialstests.com\/cs\/wp-json\/wp\/v2\/comments?post=2078"}],"version-history":[{"count":0,"href":"https:\/\/www.materialstests.com\/cs\/wp-json\/wp\/v2\/pages\/2078\/revisions"}],"wp:attachment":[{"href":"https:\/\/www.materialstests.com\/cs\/wp-json\/wp\/v2\/media?parent=2078"}],"curies":[{"name":"wp","href":"https:\/\/api.w.org\/{rel}","templated":true}]}}