{"id":2076,"date":"2026-01-26T05:36:23","date_gmt":"2026-01-26T05:36:23","guid":{"rendered":"https:\/\/www.materialstests.com\/?page_id=2076"},"modified":"2026-01-26T13:07:58","modified_gmt":"2026-01-26T13:07:58","slug":"service-support","status":"publish","type":"page","link":"https:\/\/www.materialstests.com\/cs\/service-support.html","title":{"rendered":"Servisn\u00ed podpora"},"content":{"rendered":"<div data-elementor-type=\"wp-page\" data-elementor-id=\"2076\" class=\"elementor elementor-2076\" data-elementor-post-type=\"page\">\n\t\t\t\t<div class=\"elementor-element elementor-element-0644825 e-flex e-con-boxed e-con e-parent\" data-id=\"0644825\" data-element_type=\"container\" data-settings=\"{&quot;background_background&quot;:&quot;classic&quot;}\">\n\t\t\t\t\t<div class=\"e-con-inner\">\n\t\t\t\t<div class=\"elementor-element elementor-element-9b508b5 elementor-widget elementor-widget-heading\" data-id=\"9b508b5\" data-element_type=\"widget\" data-widget_type=\"heading.default\">\n\t\t\t\t\t<div class=\"elementor-heading-title elementor-size-default\"><nav aria-label=\"strouhanka\" class=\"rank-math-breadcrumb\"><p><a href=\"https:\/\/www.materialstests.com\/cs\/\">Home<\/a><span class=\"separator\"> \u00bb <\/span><span class=\"last\">Home<\/span><\/p><\/nav>\u200b<\/div>\t\t\t\t<\/div>\n\t\t\t\t\t<\/div>\n\t\t\t\t<\/div>\n\t\t<div class=\"elementor-element elementor-element-760817c e-flex e-con-boxed e-con e-parent\" data-id=\"760817c\" data-element_type=\"container\">\n\t\t\t\t\t<div class=\"e-con-inner\">\n\t\t\t\t<div class=\"elementor-element elementor-element-55a348f elementor-widget elementor-widget-text-editor\" data-id=\"55a348f\" data-element_type=\"widget\" data-widget_type=\"text-editor.default\">\n\t\t\t\t\t\t\t\t\t<p><strong>Z\u00e1sady p\u0159izp\u016fsoben\u00ed:<\/strong><\/p><p>Ve spole\u010dnosti Cell Instruments Co., Ltd. si uv\u011bdomujeme odli\u0161n\u00e9 a vyv\u00edjej\u00edc\u00ed se pot\u0159eby na\u0161\u00ed rozmanit\u00e9 klientely z r\u016fzn\u00fdch pr\u016fmyslov\u00fdch odv\u011btv\u00ed. Na\u0161\u00edm z\u00e1vazkem je nab\u00edzet individu\u00e1ln\u00ed \u0159e\u0161en\u00ed prost\u0159ednictv\u00edm komplexn\u00ed politiky p\u0159izp\u016fsoben\u00ed, kter\u00e1 zajist\u00ed, \u017ee na\u0161e za\u0159\u00edzen\u00ed pro testov\u00e1n\u00ed materi\u00e1l\u016f spln\u00ed va\u0161e specifick\u00e9 a jedine\u010dn\u00e9 po\u017eadavky. A\u0165 u\u017e se zam\u011b\u0159ujete na obaly, potraviny, l\u00e9\u010diva, l\u00e9ka\u0159stv\u00ed, n\u00e1poje, lepen\u00ed, elektroniku nebo jak\u00fdkoli jin\u00fd obor, na\u0161\u00edm c\u00edlem je poskytnout v\u00e1m \u0161pi\u010dkov\u00e1 \u0159e\u0161en\u00ed pro testov\u00e1n\u00ed materi\u00e1l\u016f p\u0159esn\u011b podle va\u0161ich po\u017eadavk\u016f.<\/p><p><strong>Proces p\u0159izp\u016fsoben\u00ed:<\/strong><\/p><p>1. \u00davodn\u00ed konzultace:<\/p><p>- Diskuse a n\u00e1pady: Vym\u011b\u0148te si s na\u0161imi odborn\u00edky n\u00e1zory na zku\u0161ebn\u00ed metody, normy a konkr\u00e9tn\u00ed po\u017eadavky.<\/p><p>- Hodnocen\u00ed materi\u00e1lu: Zhodno\u0165te typ, povahu a specifikace materi\u00e1lu, abyste zjistili, zda modifikace na\u0161ich st\u00e1vaj\u00edc\u00edch tester\u016f|\u3001Testov\u00e1n\u00ed plast\u016f m\u016f\u017ee splnit va\u0161e pot\u0159eby.<\/p><p>2. P\u0159\u00edjem a \u00faprava vzork\u016f:<\/p><p>- Hodnocen\u00ed: Po potvrzen\u00ed, \u017ee \u00faprava st\u00e1vaj\u00edc\u00edho testeru je provediteln\u00e1, obdr\u017e\u00edme od z\u00e1kazn\u00edk\u016f vzorky.<\/p><p>- Technick\u00e1 \u00faprava: N\u00e1\u0161 specializovan\u00fd technick\u00fd t\u00fdm slo\u017een\u00fd z hardwarov\u00fdch a softwarov\u00fdch in\u017een\u00fdr\u016f pe\u010dliv\u011b uprav\u00ed st\u00e1vaj\u00edc\u00ed tester na z\u00e1klad\u011b projednan\u00fdch technick\u00fdch detail\u016f.<\/p><p>*OR*<\/p><p>- Nov\u00fd design testeru: N\u00e1\u0161 technick\u00fd t\u00fdm navrhne nov\u00fd tester a odpov\u00eddaj\u00edc\u00ed program, \u010d\u00edm\u017e zajist\u00ed komplexn\u00ed \u0159e\u0161en\u00ed.<\/p><p>3. Testov\u00e1n\u00ed v\u00fdkonu:<\/p><p>- Zaji\u0161t\u011bn\u00ed kvality: Jakmile je upraven\u00fd nebo nov\u00fd tester p\u0159ipraven, provedeme d\u016fkladn\u00e9 testov\u00e1n\u00ed vzork\u016f, abychom zajistili optim\u00e1ln\u00ed v\u00fdkon.<\/p><p>4. Ov\u011b\u0159ov\u00e1n\u00ed test\u016f a interakce:<\/p><p>- Test sd\u00edlen\u00ed videa: Poskytujeme podrobn\u00e9 testovac\u00ed video, kter\u00e9 ukazuje upraven\u00fd nebo nov\u011b navr\u017een\u00fd tester v akci.<\/p><p>- Pozv\u00e1nka na \u017eiv\u00fd test: P\u0159\u00edpadn\u011b jsou z\u00e1kazn\u00edci pozv\u00e1ni do na\u0161eho za\u0159\u00edzen\u00ed, aby byli sv\u011bdky \u017eiv\u00e9ho testu, kter\u00fd jim nab\u00eddne p\u0159\u00edmou zku\u0161enost s mo\u017enostmi za\u0159\u00edzen\u00ed.<\/p><p>5. Potvrzen\u00ed a odesl\u00e1n\u00ed:<\/p><p>- Schv\u00e1len\u00ed z\u00e1kazn\u00edkem: Po p\u0159ezkoum\u00e1n\u00ed v\u00fdsledk\u016f test\u016f a vyzkou\u0161en\u00ed v\u00fdkonu za\u0159\u00edzen\u00ed z\u00e1kazn\u00edci potvrd\u00ed svou spokojenost.<\/p><p>- Finalizace: Po potvrzen\u00ed p\u0159istoup\u00edme k odesl\u00e1n\u00ed testeru na m\u00edru, abyste byli spokojeni s doru\u010den\u00edm.<\/p><p><strong>V\u00fdhody v oblasti p\u0159izp\u016fsoben\u00ed<\/strong><\/p><p>1. Rozs\u00e1hl\u00e9 zku\u0161enosti v oboru:<\/p><p>- Odbornost nap\u0159\u00ed\u010d odv\u011btv\u00edmi: D\u00edky dlouholet\u00e9mu p\u016fsoben\u00ed p\u0159in\u00e1\u0161\u00edme bohat\u00e9 zku\u0161enosti nap\u0159\u00ed\u010d r\u016fzn\u00fdmi pr\u016fmyslov\u00fdmi odv\u011btv\u00edmi, v\u010detn\u011b obal\u016f, potravin, l\u00e9\u010div, zdravotnictv\u00ed, n\u00e1poj\u016f, lepidel, elektroniky a dal\u0161\u00edch.<\/p><p>- Hlubok\u00e9 znalosti odv\u011btv\u00ed: Na\u0161i odborn\u00edci maj\u00ed hlubok\u00e9 znalosti specifick\u00fdch pr\u016fmyslov\u00fdch v\u00fdzev a po\u017eadavk\u016f.<\/p><p>2. \u0160irok\u00fd sortiment v\u00fdrobk\u016f:<\/p><p>- Komplexn\u00ed portfolio produkt\u016f: Nab\u00edz\u00edme pestrou \u0161k\u00e1lu za\u0159\u00edzen\u00ed pro testov\u00e1n\u00ed materi\u00e1l\u016f, kter\u00e1 uspokoj\u00ed r\u016fzn\u00e9 pot\u0159eby testov\u00e1n\u00ed v r\u016fzn\u00fdch pr\u016fmyslov\u00fdch odv\u011btv\u00edch.<\/p><p>- V\u0161estrannost \u0159e\u0161en\u00ed: Na\u0161e \u0161irok\u00e1 \u0161k\u00e1la v\u00fdrobk\u016f zaru\u010duje, \u017ee m\u016f\u017eeme poskytnout \u0159e\u0161en\u00ed pro \u0161irokou \u0161k\u00e1lu testovac\u00edch aplikac\u00ed.<\/p><p>3. Odborn\u00e9 znalosti v oblasti automatizace:<\/p><p>- Integrace automatizace: Vyu\u017eijte na\u0161e zku\u0161enosti s automatizac\u00ed k zefektivn\u011bn\u00ed testovac\u00edch proces\u016f a zv\u00fd\u0161en\u00ed efektivity.<\/p><p>- Automatiza\u010dn\u00ed \u0159e\u0161en\u00ed na m\u00edru: Na\u0161e zku\u0161enosti n\u00e1m umo\u017e\u0148uj\u00ed p\u0159izp\u016fsobit automatizovan\u00e1 \u0159e\u0161en\u00ed specifick\u00fdm po\u017eadavk\u016fm odv\u011btv\u00ed.<\/p><p>4. Rychl\u00e1 odezva a rychlost:<\/p><p>- Agiln\u00ed a vst\u0159\u00edcn\u00fd t\u00fdm: N\u00e1\u0161 specializovan\u00fd t\u00fdm zaji\u0161\u0165uje rychlou odezvu na dotazy a zaji\u0161\u0165uje bezprobl\u00e9mov\u00fd a rychl\u00fd proces p\u0159izp\u016fsoben\u00ed.<\/p><p>- Efektivn\u00ed obrat: Vyu\u017eijte n\u00e1\u0161 z\u00e1vazek dod\u00e1vat \u0159e\u0161en\u00ed na m\u00edru v rozumn\u00e9m \u010dasov\u00e9m horizontu.<\/p><p>5. Cenov\u00e1 dostupnost:<\/p><p>- N\u00e1kladov\u011b efektivn\u00ed \u0159e\u0161en\u00ed: Prioritou je pro n\u00e1s poskytov\u00e1n\u00ed cenov\u011b dostupn\u00fdch mo\u017enost\u00ed p\u0159izp\u016fsoben\u00ed bez kompromis\u016f v kvalit\u011b.<\/p><p>- Hodnota investice: Na\u0161e n\u00e1kladov\u011b efektivn\u00ed \u0159e\u0161en\u00ed nab\u00edzej\u00ed vynikaj\u00edc\u00ed hodnotu a zaji\u0161\u0165uj\u00ed pozitivn\u00ed n\u00e1vratnost va\u0161ich investic.<\/p><p>6. Porozum\u011bn\u00ed testovac\u00edm norm\u00e1m:<\/p><p>- Soulad s mezin\u00e1rodn\u00edmi standardy: Jsme dob\u0159e obezn\u00e1meni s mezin\u00e1rodn\u00edmi zku\u0161ebn\u00edmi normami, jako jsou ASTM, ISO, GT, YBB, JIS, DIN, IEC a dal\u0161\u00ed.<\/p><p>- P\u0159esnost p\u0159i testov\u00e1n\u00ed: Dodr\u017eov\u00e1n\u00ed t\u011bchto norem zaji\u0161\u0165uje p\u0159esnost a spolehlivost na\u0161ich testovac\u00edch \u0159e\u0161en\u00ed na m\u00edru.<\/p><p>7. Dobr\u00e9 jazykov\u00e9 znalosti:<\/p><p>- Efektivn\u00ed komunikace: N\u00e1\u0161 t\u00fdm m\u00e1 dobr\u00e9 jazykov\u00e9 znalosti, co\u017e usnad\u0148uje jasnou a efektivn\u00ed komunikaci v pr\u016fb\u011bhu cel\u00e9ho procesu p\u0159izp\u016fsoben\u00ed.<\/p><p><strong>Politika poprodejn\u00edho servisu<\/strong><\/p><p>Ve spole\u010dnosti Cell Instruments Co., Ltd. se zavazujeme poskytovat v\u00fdjime\u010dn\u00fd poprodejn\u00ed servis, abychom zajistili spokojenost a \u00fasp\u011bch na\u0161ich v\u00e1\u017een\u00fdch z\u00e1kazn\u00edk\u016f. Na\u0161e z\u00e1sady poprodejn\u00edho servisu popisuj\u00ed z\u00e1sady a postupy, kter\u00fdmi se \u0159\u00edd\u00ed n\u00e1\u0161 z\u00e1vazek podporovat v\u00e1s po celou dobu \u017eivotnosti v\u00fdrobku.<\/p><p>1. Z\u00e1ru\u010dn\u00ed kryt\u00ed:<\/p><p>- Na v\u0161echny produkty Cell Instruments se vztahuje standardn\u00ed z\u00e1ru\u010dn\u00ed doba, obvykle jeden rok. Tato z\u00e1ruka se vztahuje na v\u00fdrobn\u00ed vady a zaji\u0161\u0165uje spr\u00e1vnou funkci za\u0159\u00edzen\u00ed po uvedenou dobu.<\/p><p>2. Z\u00e1ru\u010dn\u00ed reklamace:<\/p><p>- V p\u0159\u00edpad\u011b reklamace je z\u00e1kazn\u00edk povinen p\u0159edlo\u017eit doklad o koupi a podrobn\u00fd popis probl\u00e9mu.<\/p><p>- N\u00e1\u0161 t\u00fdm technick\u00e9 podpory posoud\u00ed reklamaci a ur\u010d\u00ed, zda se na probl\u00e9m vztahuje z\u00e1ruka.<\/p><p>- Pokud se na n\u011b vztahuje, vadn\u00e9 d\u00edly nebo za\u0159\u00edzen\u00ed neprodlen\u011b oprav\u00edme nebo vym\u011bn\u00edme.<\/p><p>3. Technick\u00e1 podpora:<\/p><p>- N\u00e1\u0161 specializovan\u00fd t\u00fdm technick\u00e9 podpory je v\u00e1m k dispozici a pom\u016f\u017ee v\u00e1m s jak\u00fdmikoli dotazy nebo probl\u00e9my, se kter\u00fdmi se m\u016f\u017eete setkat.<\/p><p>- Z\u00e1kazn\u00edci mohou kontaktovat na\u0161i technickou podporu na adrese info@celtec.cn v pracovn\u00ed dob\u011b.<\/p><p>4. \u00dadr\u017eba a kalibrace:<\/p><p>- Pro zaji\u0161t\u011bn\u00ed optim\u00e1ln\u00edho v\u00fdkonu doporu\u010dujeme pravidelnou \u00fadr\u017ebu. Z\u00e1kazn\u00edci si mohou u na\u0161eho t\u00fdmu napl\u00e1novat servisn\u00ed slu\u017eby.<\/p><p>- Pro udr\u017een\u00ed p\u0159esnosti zku\u0161ebn\u00edch za\u0159\u00edzen\u00ed jsou k dispozici kalibra\u010dn\u00ed slu\u017eby.<\/p><p>5. Dostupnost n\u00e1hradn\u00edch d\u00edl\u016f:<\/p><p>- Udr\u017eujeme z\u00e1soby n\u00e1hradn\u00edch d\u00edl\u016f, abychom umo\u017enili rychlou v\u00fdm\u011bnu a minimalizovali prostoje.<\/p><p>- Z\u00e1kazn\u00edci si mohou zakoupit origin\u00e1ln\u00ed n\u00e1hradn\u00ed d\u00edly p\u0159\u00edmo u n\u00e1s, abychom zajistili kompatibilitu a v\u00fdkon.<\/p><p>6. \u0160kolen\u00ed z\u00e1kazn\u00edk\u016f:<\/p><p>- Pro na\u0161e z\u00e1kazn\u00edky jsou v\u017edy k dispozici online \u0161kolen\u00ed, kter\u00e1 jim umo\u017en\u00ed maximalizovat jejich dovednosti p\u0159i pou\u017e\u00edv\u00e1n\u00ed na\u0161eho vybaven\u00ed.<\/p><p>- \u0160kolen\u00ed m\u016f\u017ee b\u00fdt provedeno na m\u00edst\u011b (n\u00e1klady budou projedn\u00e1ny.) nebo na d\u00e1lku na z\u00e1klad\u011b preferenc\u00ed z\u00e1kazn\u00edka.<\/p><p>7. Zp\u011btn\u00e1 vazba od z\u00e1kazn\u00edk\u016f:<\/p><p>- V\u00e1\u017e\u00edme si zp\u011btn\u00e9 vazby od z\u00e1kazn\u00edk\u016f, proto\u017ee n\u00e1m pom\u00e1h\u00e1 zlep\u0161ovat na\u0161e produkty a slu\u017eby. Z\u00e1kazn\u00edci mohou poskytnout zp\u011btnou vazbu prost\u0159ednictv\u00edm na\u0161eho kontaktn\u00edho formul\u00e1\u0159e nebo e-mailem na adrese info@celtec.cn .<\/p><p>8. Kontaktn\u00ed informace:<\/p><p>V p\u0159\u00edpad\u011b dotaz\u016f na poprodejn\u00ed servis kontaktujte n\u00e1\u0161 t\u00fdm z\u00e1kaznick\u00e9 podpory na adrese info@celtec.cn nebo +86 18560013985.<\/p><p><strong>\u010cASTO KLADEN\u00c9 DOTAZY<\/strong><\/p><p>Ot\u00e1zka: Jak\u00e1 je obvykl\u00e1 dodac\u00ed lh\u016fta produkt\u016f Cell Instruments?<\/p><p>Odpov\u011b\u010f: Dodac\u00ed lh\u016fty se li\u0161\u00ed v z\u00e1vislosti na v\u00fdrobku a po\u017eadavc\u00edch na p\u0159izp\u016fsoben\u00ed. Standardn\u00ed produkty jsou obvykle odes\u00edl\u00e1ny do 5 pracovn\u00edch dn\u016f nebo m\u00e9n\u011b.<\/p><p>Ot\u00e1zka: Mohu urychlit doru\u010den\u00ed sv\u00e9 objedn\u00e1vky?<\/p><p>Odpov\u011b\u010f: Ano, jsou k dispozici mo\u017enosti zrychlen\u00e9 p\u0159epravy. Kontaktujte pros\u00edm n\u00e1\u0161 prodejn\u00ed t\u00fdm a proberte s n\u00edm sv\u00e9 konkr\u00e9tn\u00ed po\u017eadavky a dodac\u00ed lh\u016fty.<\/p><p>Ot\u00e1zka: Jak\u00e9 platebn\u00ed metody p\u0159ij\u00edm\u00e1te?<\/p><p>Odpov\u011b\u010f: Obvykle p\u0159ij\u00edm\u00e1me platby bankovn\u00edm p\u0159evodem.<\/p><p>Ot\u00e1zka: Jsou za pou\u017eit\u00ed ur\u010dit\u00fdch platebn\u00edch metod \u00fa\u010dtov\u00e1ny n\u011bjak\u00e9 dal\u0161\u00ed poplatky?<\/p><p>Odpov\u011b\u010f: Na\u0161e standardn\u00ed platebn\u00ed metody nejsou zat\u00ed\u017eeny dal\u0161\u00edmi poplatky. Bankovn\u00ed p\u0159evody v\u0161ak mohou podl\u00e9hat bankovn\u00edm poplatk\u016fm.<\/p><p>Ot\u00e1zka: Jak jsou v\u00fdrobky baleny pro p\u0159epravu?<\/p><p>Odpov\u011b\u010f: Na\u0161e v\u00fdrobky jsou bezpe\u010dn\u011b zabaleny, aby byla zaji\u0161t\u011bna bezpe\u010dn\u00e1 p\u0159eprava. K ochran\u011b za\u0159\u00edzen\u00ed b\u011bhem p\u0159epravy pou\u017e\u00edv\u00e1me protiot\u0159esov\u00e9 obalov\u00e9 materi\u00e1ly a p\u0159ekli\u017ekov\u00e9 nebo lepenkov\u00e9 kartony.<\/p><p>Ot\u00e1zka: Poskytujete informace o sledov\u00e1n\u00ed odeslan\u00fdch objedn\u00e1vek?<\/p><p>Odpov\u011b\u010f: Ano, jakmile bude va\u0161e objedn\u00e1vka odesl\u00e1na, obdr\u017e\u00edte e-mail s informacemi o sledov\u00e1n\u00ed, abyste mohli sledovat stav z\u00e1silky.<\/p><p>Ot\u00e1zka: Jak\u00e9 jsou dostupn\u00e9 zp\u016fsoby p\u0159epravy?<\/p><p>Odpov\u011b\u010f: Volba zp\u016fsobu p\u0159epravy se m\u016f\u017ee li\u0161it v z\u00e1vislosti na nal\u00e9havosti doru\u010den\u00ed, rozpo\u010dtov\u00fdch omezen\u00edch a velikosti a hmotnosti zbo\u017e\u00ed. V\u017edy \u00fazce spolupracujeme s odborn\u00edky na logistiku, abychom optimalizovali p\u0159epravu pro na\u0161e v\u00e1\u017een\u00e9 z\u00e1kazn\u00edky.<\/p><p>\u010casto pou\u017e\u00edvan\u00e9 zp\u016fsoby p\u0159epravy jsou:<\/p><p>1. Kur\u00fdrn\u00ed slu\u017eby (nap\u0159. DHL, FedEx, UPS, SF Express):<\/p><p>Popis: Soukrom\u00e9 kur\u00fdrn\u00ed spole\u010dnosti nab\u00edzej\u00edc\u00ed slu\u017eby od dve\u0159\u00ed ke dve\u0159\u00edm.<\/p><p>Doba dod\u00e1n\u00ed: Rychl\u00e1 doba p\u0159epravy, podobn\u00e1 expresn\u00ed p\u0159eprav\u011b.<\/p><p>Vhodn\u00e9 pro: Mal\u00e9 a\u017e st\u0159edn\u011b velk\u00e9 bal\u00edky (GW m\u00e9n\u011b ne\u017e 60 kg) s d\u016frazem na spolehlivost a rychlost.<\/p><p>2. Leteck\u00e1 p\u0159eprava:<\/p><p>Popis: P\u0159eprava letecky pro rychlej\u0161\u00ed dod\u00e1n\u00ed ve srovn\u00e1n\u00ed s n\u00e1mo\u0159n\u00ed dopravou.<\/p><p>Doba dod\u00e1n\u00ed: Rychlej\u0161\u00ed ne\u017e n\u00e1mo\u0159n\u00ed p\u0159eprava, ale obvykle pomalej\u0161\u00ed ne\u017e expresn\u00ed p\u0159eprava.<\/p><p>Vhodn\u00e9 pro: \u010casov\u011b citliv\u00e9 z\u00e1silky s m\u00edrn\u00fdm rozpo\u010dtem a hmotnost\u00ed. (GW v\u00edce ne\u017e 45 kg).<\/p><p>3. N\u00e1mo\u0159n\u00ed p\u0159eprava:<\/p><p>Popis: Cenov\u011b v\u00fdhodn\u00e9 pro velk\u00e9 a t\u011b\u017ek\u00e9 z\u00e1silky.<\/p><p>Doba dod\u00e1n\u00ed: Del\u0161\u00ed doba p\u0159epravy ve srovn\u00e1n\u00ed s leteckou p\u0159epravou.<\/p><p>Vhodn\u00e9 pro: Vhodn\u00e9 pro velk\u00e9 z\u00e1silky s d\u016frazem na \u00fasporu n\u00e1klad\u016f a flexibiln\u00ed \u010dasov\u00fd pl\u00e1n dod\u00e1n\u00ed.<\/p><p>4. \u017delezni\u010dn\u00ed n\u00e1kladn\u00ed doprava:<\/p><p>Popis: Pozemn\u00ed p\u0159eprava po \u017eeleznici, \u010dasto pou\u017e\u00edvan\u00e1 pro mezikontinent\u00e1ln\u00ed p\u0159epravu do st\u0159edn\u00ed Asie nebo k evropsk\u00fdm z\u00e1kazn\u00edk\u016fm.<\/p><p>Doba dod\u00e1n\u00ed: Obecn\u011b rychlej\u0161\u00ed ne\u017e n\u00e1mo\u0159n\u00ed p\u0159eprava, ale pomalej\u0161\u00ed ne\u017e leteck\u00e1 p\u0159eprava.<\/p><p>Vhodn\u00e9 pro: Vhodn\u00e9 pro velk\u00e9 z\u00e1silky s m\u00edsty ur\u010den\u00ed dostupn\u00fdmi po \u017eeleznici.<\/p><p>5. Intermod\u00e1ln\u00ed doprava:<\/p><p>Popis: Kombinace v\u00edce druh\u016f dopravy (nap\u0159. n\u00e1mo\u0159n\u00ed a \u017eelezni\u010dn\u00ed, n\u00e1kladn\u00ed a leteck\u00e1).<\/p><p>Doba dod\u00e1n\u00ed: V z\u00e1vislosti na zvolen\u00e9 kombinaci re\u017eim\u016f je doba dod\u00e1n\u00ed r\u016fzn\u00e1.<\/p><p>Vhodn\u00e9 pro: Vhodn\u00e9 pro: Komplexn\u00ed logistick\u00e9 sc\u00e9n\u00e1\u0159e s r\u016fzn\u00fdmi p\u0159epravn\u00edmi pot\u0159ebami.<\/p>\t\t\t\t\t\t\t\t<\/div>\n\t\t\t\t\t<\/div>\n\t\t\t\t<\/div>\n\t\t\t\t<\/div>","protected":false},"excerpt":{"rendered":"<p>\u200b Customization Policy: At Cell Instruments Co., Ltd., we recognize the distinct and evolving needs of our diverse clientele spanning various industries. Our commitment is to offer personalized solutions through a comprehensive customization policy, ensuring that our material test equipment meets your specific and unique requirements. Whether your focus lies in packaging, food, pharmaceuticals, medical, [&hellip;]<\/p>","protected":false},"author":1,"featured_media":0,"parent":0,"menu_order":0,"comment_status":"closed","ping_status":"closed","template":"","meta":{"_acf_changed":false,"footnotes":""},"class_list":["post-2076","page","type-page","status-publish","hentry"],"acf":[],"_links":{"self":[{"href":"https:\/\/www.materialstests.com\/cs\/wp-json\/wp\/v2\/pages\/2076","targetHints":{"allow":["GET"]}}],"collection":[{"href":"https:\/\/www.materialstests.com\/cs\/wp-json\/wp\/v2\/pages"}],"about":[{"href":"https:\/\/www.materialstests.com\/cs\/wp-json\/wp\/v2\/types\/page"}],"author":[{"embeddable":true,"href":"https:\/\/www.materialstests.com\/cs\/wp-json\/wp\/v2\/users\/1"}],"replies":[{"embeddable":true,"href":"https:\/\/www.materialstests.com\/cs\/wp-json\/wp\/v2\/comments?post=2076"}],"version-history":[{"count":0,"href":"https:\/\/www.materialstests.com\/cs\/wp-json\/wp\/v2\/pages\/2076\/revisions"}],"wp:attachment":[{"href":"https:\/\/www.materialstests.com\/cs\/wp-json\/wp\/v2\/media?parent=2076"}],"curies":[{"name":"wp","href":"https:\/\/api.w.org\/{rel}","templated":true}]}}