{"id":2020,"date":"2026-01-26T03:32:25","date_gmt":"2026-01-26T03:32:25","guid":{"rendered":"https:\/\/www.materialstests.com\/?page_id=2020"},"modified":"2026-01-26T13:06:21","modified_gmt":"2026-01-26T13:06:21","slug":"about-us","status":"publish","type":"page","link":"https:\/\/www.materialstests.com\/cs\/about-us.html","title":{"rendered":"O n\u00e1s"},"content":{"rendered":"<div data-elementor-type=\"wp-page\" data-elementor-id=\"2020\" class=\"elementor elementor-2020\" data-elementor-post-type=\"page\">\n\t\t\t\t<div class=\"elementor-element elementor-element-c1e7c03 e-flex e-con-boxed e-con e-parent\" data-id=\"c1e7c03\" data-element_type=\"container\" data-settings=\"{&quot;background_background&quot;:&quot;classic&quot;}\">\n\t\t\t\t\t<div class=\"e-con-inner\">\n\t\t\t\t<div class=\"elementor-element elementor-element-8fd22e0 elementor-widget elementor-widget-heading\" data-id=\"8fd22e0\" data-element_type=\"widget\" data-widget_type=\"heading.default\">\n\t\t\t\t\t<div class=\"elementor-heading-title elementor-size-default\"><nav aria-label=\"strouhanka\" class=\"rank-math-breadcrumb\"><p><a href=\"https:\/\/www.materialstests.com\/cs\/\">Home<\/a><span class=\"separator\"> \u00bb <\/span><span class=\"last\">Home<\/span><\/p><\/nav>\u200b<\/div>\t\t\t\t<\/div>\n\t\t\t\t\t<\/div>\n\t\t\t\t<\/div>\n\t\t<div class=\"elementor-element elementor-element-f608734 e-flex e-con-boxed e-con e-parent\" data-id=\"f608734\" data-element_type=\"container\">\n\t\t\t\t\t<div class=\"e-con-inner\">\n\t\t\t\t<div class=\"elementor-element elementor-element-58cb6ea elementor-widget elementor-widget-text-editor\" data-id=\"58cb6ea\" data-element_type=\"widget\" data-widget_type=\"text-editor.default\">\n\t\t\t\t\t\t\t\t\t<p>Od sv\u00e9ho ofici\u00e1ln\u00edho zalo\u017een\u00ed v roce 2014 spole\u010dnost Cell Instruments rychle stoup\u00e1 ve v\u00fdvoji produkt\u016f a inovac\u00edch, co\u017e p\u0159edstavuje v\u00fdznamnou kapitolu v jej\u00ed dynamick\u00e9 historii. Na\u0161e odhodl\u00e1n\u00ed dosahovat dokonalosti n\u00e1s p\u0159ivedlo k dosa\u017een\u00ed miln\u00edk\u016f v oblasti za\u0159\u00edzen\u00ed pro testov\u00e1n\u00ed materi\u00e1l\u016f a m\u016f\u017eeme se pochlubit komplexn\u00edmi \u0159adami, kter\u00e9 zahrnuj\u00ed testov\u00e1n\u00ed obalov\u00fdch materi\u00e1l\u016f, testov\u00e1n\u00ed zdravotnick\u00fdch materi\u00e1l\u016f, testov\u00e1n\u00ed potravin, testov\u00e1n\u00ed farmaceutick\u00fdch v\u00fdrobk\u016f, testov\u00e1n\u00ed lepivosti, testov\u00e1n\u00ed pap\u00edru a lepenky, a dokonce i p\u0159izp\u016fsoben\u00ed na vy\u017e\u00e1d\u00e1n\u00ed. Tato \u0161pi\u010dkov\u00e1 \u0159e\u0161en\u00ed nach\u00e1zej\u00ed v\u0161estrann\u00e9 uplatn\u011bn\u00ed v r\u016fzn\u00fdch pr\u016fmyslov\u00fdch odv\u011btv\u00edch, v\u010detn\u011b obalov\u00e9ho, potravin\u00e1\u0159sk\u00e9ho, farmaceutick\u00e9ho, l\u00e9ka\u0159sk\u00e9ho, kosmetick\u00e9ho, n\u00e1pojov\u00e9ho, univerzitn\u00edho, inspek\u010dn\u00edho, lepic\u00edho a textiln\u00edho.<\/p>\t\t\t\t\t\t\t\t<\/div>\n\t\t\t\t<div class=\"elementor-element elementor-element-c7d07e9 elementor-widget elementor-widget-image\" data-id=\"c7d07e9\" data-element_type=\"widget\" data-widget_type=\"image.default\">\n\t\t\t\t\t\t\t\t\t\t\t\t\t\t\t<img fetchpriority=\"high\" decoding=\"async\" width=\"800\" height=\"400\" src=\"https:\/\/www.materialstests.com\/wp-content\/uploads\/2026\/01\/bc800e5326c92bfcd7f943355926093a.jpg\" class=\"attachment-large size-large wp-image-2238\" alt=\"V\u00fdrobce za\u0159\u00edzen\u00ed pro testov\u00e1n\u00ed t\u011bsnosti - O N\u00c1S\" srcset=\"https:\/\/www.materialstests.com\/wp-content\/uploads\/2026\/01\/bc800e5326c92bfcd7f943355926093a.jpg 800w, https:\/\/www.materialstests.com\/wp-content\/uploads\/2026\/01\/bc800e5326c92bfcd7f943355926093a-300x150.jpg 300w, https:\/\/www.materialstests.com\/wp-content\/uploads\/2026\/01\/bc800e5326c92bfcd7f943355926093a-768x384.jpg 768w, https:\/\/www.materialstests.com\/wp-content\/uploads\/2026\/01\/bc800e5326c92bfcd7f943355926093a-18x9.jpg 18w\" sizes=\"(max-width: 800px) 100vw, 800px\" \/>\t\t\t\t\t\t\t\t\t\t\t\t\t\t\t<\/div>\n\t\t\t\t<div class=\"elementor-element elementor-element-127095f elementor-widget elementor-widget-text-editor\" data-id=\"127095f\" data-element_type=\"widget\" data-widget_type=\"text-editor.default\">\n\t\t\t\t\t\t\t\t\t<p>Na\u0161e celosv\u011btov\u00e1 p\u016fsobnost se zna\u010dn\u011b roz\u0161\u00ed\u0159ila a zasahuje a ovliv\u0148uje v\u00edce ne\u017e 70 zem\u00ed a region\u016f. Na\u0161e posl\u00e1n\u00ed ve spole\u010dnosti Cell Instruments p\u0159esahuje pouh\u00e9 poskytov\u00e1n\u00ed testovac\u00edch \u0159e\u0161en\u00ed, ale zam\u011b\u0159uje se na utv\u00e1\u0159en\u00ed prost\u0159ed\u00ed kontroly kvality u z\u00e1kazn\u00edk\u016f a v\u00fdzkumu a v\u00fdvoje. Na\u0161\u00edm posl\u00e1n\u00edm je b\u00fdt v r\u00e1mci t\u011bchto proces\u016f uzn\u00e1v\u00e1n jako ned\u00edln\u00e1 jednotka \u2018Cell\u2019, kter\u00e1 u\u017eivatel\u016fm po cel\u00e9m sv\u011bt\u011b nab\u00edz\u00ed konkurenceschopn\u00e1 a d\u016fv\u011bryhodn\u00e1 \u0159e\u0161en\u00ed.<\/p><p>Spole\u010dnost Cell Instruments, kter\u00e1 je pr\u016fkopn\u00edkem v oboru, je i nad\u00e1le in\u017een\u00fdrsky orientovanou organizac\u00ed s ne\u00fastupn\u00fdm z\u00e1vazkem k dodr\u017eov\u00e1n\u00ed standard\u016f. Up\u0159ednost\u0148ujeme dokonalost a aktivn\u011b vyv\u00edj\u00edme modely p\u0159\u00edstroj\u016f p\u0159izp\u016fsoben\u00e9 specifick\u00fdm pot\u0159eb\u00e1m na\u0161ich z\u00e1kazn\u00edk\u016f a z\u00e1rove\u0148 zaji\u0161\u0165ujeme shodu s pr\u016fmyslov\u00fdmi normami. Tyto p\u0159\u00edstroje slou\u017e\u00ed jako neoceniteln\u00e9 n\u00e1stroje pro \u0159e\u0161en\u00ed probl\u00e9m\u016f, kter\u00e9 jsou bezprobl\u00e9mov\u011b integrov\u00e1ny do laborato\u0159\u00ed z\u00e1kazn\u00edk\u016f, v\u00fdzkumn\u00fdch a v\u00fdvojov\u00fdch center, v\u00fdrobn\u00edch z\u00e1vod\u016f, p\u0159edn\u00e1\u0161kov\u00fdch m\u00edstnost\u00ed i mimo n\u011b. Na\u0161e technick\u00e9 z\u00e1zem\u00ed zaji\u0161\u0165uje kvalitu v\u00fdrobk\u016f na\u0161ich z\u00e1kazn\u00edk\u016f a umo\u017e\u0148uje jim s jistotou se pohybovat na mezin\u00e1rodn\u00edm trhu.<\/p>\t\t\t\t\t\t\t\t<\/div>\n\t\t\t\t<div class=\"elementor-element elementor-element-a0311d4 elementor-widget elementor-widget-image\" data-id=\"a0311d4\" data-element_type=\"widget\" data-widget_type=\"image.default\">\n\t\t\t\t\t\t\t\t\t\t\t\t\t\t\t<img decoding=\"async\" width=\"800\" height=\"400\" src=\"https:\/\/www.materialstests.com\/wp-content\/uploads\/2026\/01\/6f6c3ee6a57f3b5a064c916fc412fc69.jpg\" class=\"attachment-large size-large wp-image-2239\" alt=\"V\u00fdrobce za\u0159\u00edzen\u00ed pro testov\u00e1n\u00ed t\u011bsnosti - O N\u00c1S\" srcset=\"https:\/\/www.materialstests.com\/wp-content\/uploads\/2026\/01\/6f6c3ee6a57f3b5a064c916fc412fc69.jpg 800w, https:\/\/www.materialstests.com\/wp-content\/uploads\/2026\/01\/6f6c3ee6a57f3b5a064c916fc412fc69-300x150.jpg 300w, https:\/\/www.materialstests.com\/wp-content\/uploads\/2026\/01\/6f6c3ee6a57f3b5a064c916fc412fc69-768x384.jpg 768w, https:\/\/www.materialstests.com\/wp-content\/uploads\/2026\/01\/6f6c3ee6a57f3b5a064c916fc412fc69-18x9.jpg 18w\" sizes=\"(max-width: 800px) 100vw, 800px\" \/>\t\t\t\t\t\t\t\t\t\t\t\t\t\t\t<\/div>\n\t\t\t\t<div class=\"elementor-element elementor-element-5673870 elementor-widget elementor-widget-text-editor\" data-id=\"5673870\" data-element_type=\"widget\" data-widget_type=\"text-editor.default\">\n\t\t\t\t\t\t\t\t\t<p>Spole\u010dnost Cell Instruments se etablovala nejen jako v\u00fdrobce nejmodern\u011bj\u0161\u00edch testovac\u00edch za\u0159\u00edzen\u00ed, ale tak\u00e9 jako strategick\u00fd partner pro \u00fasp\u011bch podnik\u016f po cel\u00e9m sv\u011bt\u011b. N\u00e1\u0161 specializovan\u00fd t\u00fdm, vybaven\u00fd r\u016fzn\u00fdmi odborn\u00fdmi znalostmi, ne\u00fanavn\u011b spolupracuje, aby zajistil, \u017ee na\u0161i klienti nedostanou jen v\u00fdrobky, ale komplexn\u00ed \u0159e\u0161en\u00ed, kter\u00e1 zv\u00fd\u0161\u00ed jejich efektivitu, kvalitu v\u00fdrobk\u016f a celkovou konkurenceschopnost.<\/p><p>Na\u0161e centr\u00e1la se nach\u00e1z\u00ed ve m\u011bst\u011b Jinan, jednom z hlavn\u00edch pr\u016fmyslov\u00fdch center severn\u00ed \u010c\u00edny, a je centrem na\u0161ich aktivit, kde se soust\u0159e\u010fuje v\u00fdzkum, v\u00fdvoj a iniciativy zam\u011b\u0159en\u00e9 na z\u00e1kazn\u00edky.<\/p><p>N\u00e1\u0161 \u00fasp\u011bch p\u0159esahuje hranice, proto\u017ee se aktivn\u011b zapojujeme do mezin\u00e1rodn\u00edho obchodu a vyv\u00e1\u017e\u00edme na\u0161e \u0161pi\u010dkov\u00e1 \u0159e\u0161en\u00ed do mnoha zem\u00ed. Tento glob\u00e1ln\u00ed dosah je d\u016fkazem na\u0161\u00ed vize podporovat spolupr\u00e1ci a sd\u00edlen\u00ed inovac\u00ed v celosv\u011btov\u00e9m m\u011b\u0159\u00edtku.<\/p><p>Pokra\u010dujeme v na\u0161\u00ed cest\u011b k dokonalosti a zveme v\u00e1s, abyste se k n\u00e1m p\u0159ipojili a pod\u00edleli se na utv\u00e1\u0159en\u00ed budoucnosti kontroly kvality a v\u00fdzkumu a v\u00fdvoje v celosv\u011btov\u00e9m m\u011b\u0159\u00edtku.<\/p><p>Pokud m\u00e1te z\u00e1jem o dal\u0161\u00ed informace o tomto produktu, nev\u00e1hejte n\u00e1s kontaktovat. Doporu\u010dujeme v\u00e1m dal\u0161\u00ed obl\u00edben\u00e9 produkty:\u00a0<a class=\"aahaf6o\" title=\"Tester tlou\u0161\u0165ky pap\u00edru a lepenky\" href=\"https:\/\/www.materialstests.com\/cs\/paper-board-tester.html\/\">Tester tlou\u0161\u0165ky pap\u00edru a lepenky<\/a>,\u00a0<a class=\"aahaf6o\" title=\"Za\u0159\u00edzen\u00ed pro testov\u00e1n\u00ed hrub\u00fdch \u00fanik\u016f\" href=\"https:\/\/www.materialstests.com\/cs\/gross-leak-tester.html\/\">Za\u0159\u00edzen\u00ed pro testov\u00e1n\u00ed hrub\u00fdch \u00fanik\u016f<\/a>,\u00a0<a class=\"aahaf6o\" title=\" Hrub\u00fd tester t\u011bsnosti Testov\u00e1n\u00ed za\u0159\u00edzen\u00ed\" href=\"https:\/\/www.materialstests.com\/cs\/gross-leak-tester.html\/\">Hrub\u00fd tester t\u011bsnosti Testov\u00e1n\u00ed za\u0159\u00edzen\u00ed<\/a>,\u00a0<a class=\"aahaf6o\" title=\"Hrub\u00fd tester t\u011bsnosti Testov\u00e1n\u00ed za\u0159\u00edzen\u00ed\" href=\"https:\/\/www.materialstests.com\/cs\/gross-leak-tester.html\/\">Hrub\u00fd tester t\u011bsnosti Testov\u00e1n\u00ed za\u0159\u00edzen\u00ed<\/a>,\u00a0<a class=\"aahaf6o\" title=\"V\u00fdrobce gradientn\u00edho tepeln\u00e9ho t\u011bsn\u011bn\u00ed\" href=\"https:\/\/www.materialstests.com\/cs\/products\/ghs-01-gradient-heat-seal-tester.html\/\">V\u00fdrobce gradientn\u00edho tepeln\u00e9ho t\u011bsn\u011bn\u00ed<\/a>,\u00a0<a class=\"aahaf6o\" title=\"Laboratorn\u00ed tester hork\u00e9ho lepidla\" href=\"https:\/\/www.materialstests.com\/cs\/products\/htt-02-hot-tack-tester.html\/\">Laboratorn\u00ed tester hork\u00e9ho lepidla<\/a>,\u00a0<a class=\"aahaf6o\" title=\"Tester tepeln\u00e9ho sp\u00e1du\" href=\"https:\/\/www.materialstests.com\/cs\/products\/ghs-01-gradient-heat-seal-tester.html\/\">Tester tepeln\u00e9ho sp\u00e1du<\/a>,\u00a0<a class=\"aahaf6o\" title=\"tester smr\u0161\u0165ov\u00e1n\u00ed bez f\u00f3lie\" href=\"https:\/\/www.materialstests.com\/cs\/shrink-tester.html\/\">tester smr\u0161\u0165ov\u00e1n\u00ed bez f\u00f3lie<\/a>,\u00a0<a class=\"aahaf6o\" title=\"tester smr\u0161\u0165ovac\u00ed f\u00f3lie\" href=\"https:\/\/www.materialstests.com\/cs\/shrink-tester.html\/\">tester smr\u0161\u0165ovac\u00ed f\u00f3lie<\/a>,\u00a0<a class=\"aahaf6o\" title=\"Tester odolnosti Flex\" href=\"https:\/\/www.materialstests.com\/cs\/flex-durability-tester.html\/\">Tester odolnosti Flex<\/a>,\u00a0<a class=\"aahaf6o\" title=\"Tester gradientn\u00edho tepeln\u00e9ho t\u011bsn\u011bn\u00ed\" href=\"https:\/\/www.materialstests.com\/cs\/gradient-heat-seal-tester.html\/\">Tester gradientn\u00edho tepeln\u00e9ho t\u011bsn\u011bn\u00ed<\/a>,\u00a0<a class=\"aahaf6o\" title=\"Tester odlupov\u00e1n\u00ed\" href=\"https:\/\/www.materialstests.com\/cs\/products\/spc-01-stretch-film-peeling-cling-tester.html\/\">Tester odlupov\u00e1n\u00ed<\/a>,\u00a0<a class=\"aahaf6o\" title=\"Tester p\u0159\u00eddr\u017en\u00e9ho v\u00fdkonu\" href=\"https:\/\/www.materialstests.com\/cs\/holding-power-tester.html\/\">Tester p\u0159\u00eddr\u017en\u00e9ho v\u00fdkonu<\/a>,\u00a0<a class=\"aahaf6o\" title=\"Laboratorn\u00ed tester tepeln\u00e9ho t\u011bsn\u011bn\u00ed\" href=\"https:\/\/www.materialstests.com\/cs\/products\/hst-01-heat-seal-tester.html\/\">Laboratorn\u00ed tester tepeln\u00e9ho t\u011bsn\u011bn\u00ed<\/a>,\u00a0<a class=\"aahaf6o\" title=\"tester odlupov\u00e1n\u00ed n\u00e1dob\" href=\"https:\/\/www.materialstests.com\/cs\/productstags\/container-peeling-tester.html\/\">tester odlupov\u00e1n\u00ed n\u00e1dob<\/a>,\u00a0<a class=\"aahaf6o\" title=\"dodavatel\u00e9 \u010d\u00ednsk\u00e9ho testeru tepeln\u00e9ho t\u011bsn\u011bn\u00ed\" href=\"https:\/\/www.materialstests.com\/cs\/heat-seal-tester.html\/\">dodavatel\u00e9 \u010d\u00ednsk\u00e9ho testeru tepeln\u00e9ho t\u011bsn\u011bn\u00ed<\/a>,\u00a0<a class=\"aahaf6o\" title=\"\u010d\u00ednsk\u00fd tester tepeln\u00e9ho t\u011bsn\u011bn\u00ed\" href=\"https:\/\/www.materialstests.com\/cs\/productstags\/china-heat-sealing-tester-factory.html\/\">\u010d\u00ednsk\u00fd tester tepeln\u00e9ho t\u011bsn\u011bn\u00ed<\/a>,\u00a0<a class=\"aahaf6o\" title=\"tov\u00e1rny na testov\u00e1n\u00ed tepeln\u00e9ho t\u011bsn\u011bn\u00ed\" href=\"https:\/\/www.materialstests.com\/cs\/productstags\/heat-sealing-tester-factories.html\/\">tov\u00e1rny na testov\u00e1n\u00ed tepeln\u00e9ho t\u011bsn\u011bn\u00ed<\/a>,\u00a0<a class=\"aahaf6o\" title=\"tov\u00e1rny na testov\u00e1n\u00ed tepeln\u00e9ho t\u011bsn\u011bn\u00ed\" href=\"https:\/\/www.materialstests.com\/cs\/productstags\/heat-sealing-tester-factories.html\/\">tov\u00e1rny na testov\u00e1n\u00ed tepeln\u00e9ho t\u011bsn\u011bn\u00ed<\/a>,\u00a0<a class=\"aahaf6o\" title=\"Dodavatel testeru karbonizace\" href=\"https:\/\/www.materialstests.com\/cs\/products\/clrt-01-carbon-dioxide-volume-tester.html\/\">Dodavatel testeru karbonizace<\/a>,\u00a0<a class=\"aahaf6o\" title=\"Slu\u017eby testeru karbonizace\" href=\"https:\/\/www.materialstests.com\/cs\/products\/clrt-01-carbon-dioxide-volume-tester.html\/\">Slu\u017eby testeru karbonizace<\/a>,\u00a0<a class=\"aahaf6o\" title=\"Slu\u017eby smr\u0161\u0165ovac\u00edch tester\u016f\" href=\"https:\/\/www.materialstests.com\/cs\/shrink-tester.html\/\">Slu\u017eby smr\u0161\u0165ovac\u00edch tester\u016f<\/a>,\u00a0<a class=\"aahaf6o\" title=\"Dodavatel kuli\u010dkov\u00e9ho testeru\" href=\"https:\/\/www.materialstests.com\/cs\/products\/btt-01-ball-tack-tester.html\/\">Dodavatel kuli\u010dkov\u00e9ho testeru<\/a>,\u00a0<a class=\"aahaf6o\" title=\"Tester na m\u00ed\u010de Export\" href=\"https:\/\/www.materialstests.com\/cs\/products\/btt-01-ball-tack-tester.html\/\">Tester na m\u00ed\u010de Export<\/a>,\u00a0<a class=\"aahaf6o\" title=\"V\u00fdrobce testeru odolnosti Flex\" href=\"https:\/\/www.materialstests.com\/cs\/flex-durability-tester.html\/\">V\u00fdrobce testeru odolnosti Flex<\/a>,\u00a0<a class=\"aahaf6o\" title=\"Dodavatel testeru odolnosti Flex\" href=\"https:\/\/www.materialstests.com\/cs\/flex-durability-tester.html\/\">Dodavatel testeru odolnosti Flex<\/a>,\u00a0<a class=\"aahaf6o\" title=\"Tester odolnosti Flex export\" href=\"https:\/\/www.materialstests.com\/cs\/flex-durability-tester.html\/\">Tester odolnosti Flex export<\/a>,\u00a0<a class=\"aahaf6o\" title=\"Tester odolnosti Flex \u010c\u00edna\" href=\"https:\/\/www.materialstests.com\/cs\/products\/gft-01-flex-durability-tester.html\/\">Tester odolnosti Flex \u010c\u00edna<\/a>,\u00a0<a class=\"aahaf6o\" title=\"Slu\u017eby Flex Durability Tester\" href=\"https:\/\/www.materialstests.com\/cs\/products\/gft-01-flex-durability-tester.html\/\">Slu\u017eby Flex Durability Tester<\/a><\/p>\t\t\t\t\t\t\t\t<\/div>\n\t\t\t\t\t<\/div>\n\t\t\t\t<\/div>\n\t\t\t\t<\/div>","protected":false},"excerpt":{"rendered":"<p>\u200b Since its official establishment in 2014, Cell Instruments has rapidly ascended in product development and innovation, marking a significant chapter in its dynamic history. Our commitment to excellence has propelled us to achieve milestones in the field of material test equipment, boasting comprehensive lines that encompass Packaging Material Testing, Medical Material Testing, Food Testing, [&hellip;]<\/p>","protected":false},"author":1,"featured_media":0,"parent":0,"menu_order":0,"comment_status":"closed","ping_status":"closed","template":"","meta":{"_acf_changed":false,"footnotes":""},"class_list":["post-2020","page","type-page","status-publish","hentry"],"acf":[],"_links":{"self":[{"href":"https:\/\/www.materialstests.com\/cs\/wp-json\/wp\/v2\/pages\/2020","targetHints":{"allow":["GET"]}}],"collection":[{"href":"https:\/\/www.materialstests.com\/cs\/wp-json\/wp\/v2\/pages"}],"about":[{"href":"https:\/\/www.materialstests.com\/cs\/wp-json\/wp\/v2\/types\/page"}],"author":[{"embeddable":true,"href":"https:\/\/www.materialstests.com\/cs\/wp-json\/wp\/v2\/users\/1"}],"replies":[{"embeddable":true,"href":"https:\/\/www.materialstests.com\/cs\/wp-json\/wp\/v2\/comments?post=2020"}],"version-history":[{"count":0,"href":"https:\/\/www.materialstests.com\/cs\/wp-json\/wp\/v2\/pages\/2020\/revisions"}],"wp:attachment":[{"href":"https:\/\/www.materialstests.com\/cs\/wp-json\/wp\/v2\/media?parent=2020"}],"curies":[{"name":"wp","href":"https:\/\/api.w.org\/{rel}","templated":true}]}}